{"id":1873,"date":"2022-07-16T10:56:08","date_gmt":"2022-07-16T09:56:08","guid":{"rendered":"https:\/\/akemira.com\/?post_type=product&#038;p=1873"},"modified":"2022-07-16T17:14:15","modified_gmt":"2022-07-16T16:14:15","slug":"cub-extensor-ir-del-commandament-a-distancia","status":"publish","type":"product","link":"https:\/\/akemira.com\/ca\/producte\/cub-extensor-ir-del-commandament-a-distancia\/","title":{"rendered":"CUB extensor IR del commandament a distancia"},"content":{"rendered":"\t\t<div data-elementor-type=\"product-post\" data-elementor-id=\"1873\" class=\"elementor elementor-1873 elementor-1874\" data-elementor-settings=\"[]\">\n\t\t\t\t\t\t<div class=\"elementor-inner\">\n\t\t\t\t\t\t\t<div class=\"elementor-section-wrap\">\n\t\t\t\t\t\t\t<section class=\"elementor-section elementor-top-section elementor-element elementor-element-1918e2a elementor-section-boxed elementor-section-height-default elementor-section-height-default\" data-id=\"1918e2a\" data-element_type=\"section\">\n\t\t\t\t\t\t<div class=\"elementor-container elementor-column-gap-default\">\n\t\t\t\t\t\t\t<div class=\"elementor-row\">\n\t\t\t\t\t<div class=\"elementor-column elementor-col-100 elementor-top-column elementor-element elementor-element-8ead85c\" data-id=\"8ead85c\" data-element_type=\"column\">\n\t\t\t<div class=\"elementor-column-wrap elementor-element-populated\">\n\t\t\t\t\t\t\t<div class=\"elementor-widget-wrap\">\n\t\t\t\t\t\t<div class=\"elementor-element elementor-element-d60c6c9 elementor-widget elementor-widget-text-editor\" data-id=\"d60c6c9\" data-element_type=\"widget\" data-widget_type=\"text-editor.default\">\n\t\t\t\t<div class=\"elementor-widget-container\">\n\t\t\t\t\t<div class=\"elementor-text-editor elementor-clearfix\"><div><p><span lang=\"ca\">El Cub IR extensor del comandament a dist\u00e0ncia, et permetr\u00e0 controlar tots aquells electrodom\u00e8stics que funcionin amb comandament a dist\u00e0ncia IR a la Llar des de qualsevol dist\u00e0ncia a trav\u00e9s del teu m\u00f2bil.<\/span><\/p><\/div><div><p><strong><span lang=\"ca\">TROBA LA TEVA LLAR A LA TEMPERATURA ADEQUADA<\/span><\/strong><span lang=\"ca\">. i Estalviat passar aquests 20 minuts amb calor extrema a casa en arribar.<\/span><\/p><\/div><div><p><span lang=\"ca\">En els 15-20 min. abans d&#8217;arribar a la teva llar, posa en marxa l&#8217;AC a trav\u00e9s del teu m\u00f2bil i selecciona la temperatura adequada.<\/span><\/p><\/div><div><p><strong><span lang=\"ca\">ESTALVIA ENERGIA ELECTRICA. <\/span><\/strong><span lang=\"ca\">\u00a0tanca completament l&#8217;AC quan no siguis a casa, no programis la posada en marxa ni a l&#8217;hora incerta d&#8217;arribada, estalviar\u00e0s si ho posses en marxa abans d\u00b4arribar.<\/span><\/p><\/div><div><p><strong><span lang=\"ca\">FRUSTRA EVENTUALS LLADRES. <\/span><\/strong><span lang=\"ca\">\u00a0Activa i desactiva el teu televisor, r\u00e0dio, STB, o equip de m\u00fasica per curts per\u00edodes de temps, des del teu m\u00f2bil, quan estiguis de vacances, semblar\u00e0 que estiguis a casa, per\u00f2 sense estar&#8230;<\/span><\/p><\/div><div><p><strong><span lang=\"ca\">TROBA LA TEVA LLAR SENSE GENS NI MICA DE POLS a terra,<\/span><\/strong><span lang=\"ca\"> activa el teu robot de neteja abans d&#8217;arribar de viatge. <\/span><\/p><\/div><\/div>\n\t\t\t\t<\/div>\n\t\t\t\t<\/div>\n\t\t\t\t\t\t<\/div>\n\t\t\t\t\t<\/div>\n\t\t<\/div>\n\t\t\t\t\t\t\t\t<\/div>\n\t\t\t\t\t<\/div>\n\t\t<\/section>\n\t\t\t\t<section class=\"elementor-section elementor-top-section elementor-element elementor-element-eaaf4bc elementor-section-boxed elementor-section-height-default elementor-section-height-default\" data-id=\"eaaf4bc\" data-element_type=\"section\">\n\t\t\t\t\t\t<div class=\"elementor-container elementor-column-gap-default\">\n\t\t\t\t\t\t\t<div class=\"elementor-row\">\n\t\t\t\t\t<div class=\"elementor-column elementor-col-100 elementor-top-column elementor-element elementor-element-32e60ac\" data-id=\"32e60ac\" data-element_type=\"column\">\n\t\t\t<div class=\"elementor-column-wrap elementor-element-populated\">\n\t\t\t\t\t\t\t<div class=\"elementor-widget-wrap\">\n\t\t\t\t\t\t<div class=\"elementor-element elementor-element-b662ec8 elementor-widget elementor-widget-spacer\" data-id=\"b662ec8\" data-element_type=\"widget\" data-widget_type=\"spacer.default\">\n\t\t\t\t<div class=\"elementor-widget-container\">\n\t\t\t\t\t<div class=\"elementor-spacer\">\n\t\t\t<div class=\"elementor-spacer-inner\"><\/div>\n\t\t<\/div>\n\t\t\t\t<\/div>\n\t\t\t\t<\/div>\n\t\t\t\t<div class=\"elementor-element elementor-element-8d8554b elementor-widget elementor-widget-heading\" data-id=\"8d8554b\" data-element_type=\"widget\" data-widget_type=\"heading.default\">\n\t\t\t\t<div class=\"elementor-widget-container\">\n\t\t\t<h3 class=\"elementor-heading-title elementor-size-default\">EL SENSOR INCLOU TOTS ELS ACCESSORIS QUE NECESSITES PER A LA SEVA INSTAL\u00b7LACI\u00d3<\/h3>\t\t<\/div>\n\t\t\t\t<\/div>\n\t\t\t\t<div class=\"elementor-element elementor-element-e48e9f1 elementor-widget elementor-widget-text-editor\" data-id=\"e48e9f1\" data-element_type=\"widget\" data-widget_type=\"text-editor.default\">\n\t\t\t\t<div class=\"elementor-widget-container\">\n\t\t\t\t\t<div class=\"elementor-text-editor elementor-clearfix\"><div><p><span lang=\"CA\">Fixa el sensor sobre el objecte del teu inter\u00e8s que es pugui obrir o tancar.<\/span><\/p><\/div><\/div>\n\t\t\t\t<\/div>\n\t\t\t\t<\/div>\n\t\t\t\t\t\t<\/div>\n\t\t\t\t\t<\/div>\n\t\t<\/div>\n\t\t\t\t\t\t\t\t<\/div>\n\t\t\t\t\t<\/div>\n\t\t<\/section>\n\t\t\t\t<section class=\"elementor-section elementor-top-section elementor-element elementor-element-d676582 elementor-section-boxed elementor-section-height-default elementor-section-height-default\" data-id=\"d676582\" data-element_type=\"section\">\n\t\t\t\t\t\t<div class=\"elementor-container elementor-column-gap-default\">\n\t\t\t\t\t\t\t<div class=\"elementor-row\">\n\t\t\t\t\t<div class=\"elementor-column elementor-col-50 elementor-top-column elementor-element elementor-element-02ef92a\" data-id=\"02ef92a\" data-element_type=\"column\">\n\t\t\t<div class=\"elementor-column-wrap elementor-element-populated\">\n\t\t\t\t\t\t\t<div class=\"elementor-widget-wrap\">\n\t\t\t\t\t\t<div class=\"elementor-element elementor-element-865907a elementor-widget elementor-widget-image\" data-id=\"865907a\" data-element_type=\"widget\" data-widget_type=\"image.default\">\n\t\t\t\t<div class=\"elementor-widget-container\">\n\t\t\t\t\t<div class=\"elementor-image\">\n\t\t\t\t\t\t\t\t\t\t<img width=\"1024\" height=\"794\" src=\"https:\/\/akemira.com\/wp-content\/uploads\/2022\/07\/ESQUEMA-HABITACION-2-copia-1024x794.png\" class=\"attachment-large size-large\" alt=\"\" loading=\"lazy\" srcset=\"https:\/\/akemira.com\/wp-content\/uploads\/2022\/07\/ESQUEMA-HABITACION-2-copia-1024x794.png 1024w, https:\/\/akemira.com\/wp-content\/uploads\/2022\/07\/ESQUEMA-HABITACION-2-copia-300x233.png 300w, https:\/\/akemira.com\/wp-content\/uploads\/2022\/07\/ESQUEMA-HABITACION-2-copia-768x595.png 768w, https:\/\/akemira.com\/wp-content\/uploads\/2022\/07\/ESQUEMA-HABITACION-2-copia-600x465.png 600w, https:\/\/akemira.com\/wp-content\/uploads\/2022\/07\/ESQUEMA-HABITACION-2-copia.png 1041w\" sizes=\"(max-width: 1024px) 100vw, 1024px\" \/>\t\t\t\t\t\t\t\t\t\t\t<\/div>\n\t\t\t\t<\/div>\n\t\t\t\t<\/div>\n\t\t\t\t\t\t<\/div>\n\t\t\t\t\t<\/div>\n\t\t<\/div>\n\t\t\t\t<div class=\"elementor-column elementor-col-50 elementor-top-column elementor-element elementor-element-ba34b7e\" data-id=\"ba34b7e\" data-element_type=\"column\">\n\t\t\t<div class=\"elementor-column-wrap elementor-element-populated\">\n\t\t\t\t\t\t\t<div class=\"elementor-widget-wrap\">\n\t\t\t\t\t\t<div class=\"elementor-element elementor-element-1f0ba92 elementor-widget elementor-widget-image\" data-id=\"1f0ba92\" data-element_type=\"widget\" data-widget_type=\"image.default\">\n\t\t\t\t<div class=\"elementor-widget-container\">\n\t\t\t\t\t<div class=\"elementor-image\">\n\t\t\t\t\t\t\t\t\t\t<img width=\"1024\" height=\"848\" src=\"https:\/\/akemira.com\/wp-content\/uploads\/2022\/07\/Captura-de-pantalla-2022-07-16-a-las-14.12.27-1024x848.png\" class=\"attachment-large size-large\" alt=\"\" loading=\"lazy\" srcset=\"https:\/\/akemira.com\/wp-content\/uploads\/2022\/07\/Captura-de-pantalla-2022-07-16-a-las-14.12.27-1024x848.png 1024w, https:\/\/akemira.com\/wp-content\/uploads\/2022\/07\/Captura-de-pantalla-2022-07-16-a-las-14.12.27-300x248.png 300w, https:\/\/akemira.com\/wp-content\/uploads\/2022\/07\/Captura-de-pantalla-2022-07-16-a-las-14.12.27-768x636.png 768w, https:\/\/akemira.com\/wp-content\/uploads\/2022\/07\/Captura-de-pantalla-2022-07-16-a-las-14.12.27-600x497.png 600w, https:\/\/akemira.com\/wp-content\/uploads\/2022\/07\/Captura-de-pantalla-2022-07-16-a-las-14.12.27.png 1292w\" sizes=\"(max-width: 1024px) 100vw, 1024px\" \/>\t\t\t\t\t\t\t\t\t\t\t<\/div>\n\t\t\t\t<\/div>\n\t\t\t\t<\/div>\n\t\t\t\t\t\t<\/div>\n\t\t\t\t\t<\/div>\n\t\t<\/div>\n\t\t\t\t\t\t\t\t<\/div>\n\t\t\t\t\t<\/div>\n\t\t<\/section>\n\t\t\t\t<section class=\"elementor-section elementor-top-section elementor-element elementor-element-8fd87cf elementor-section-boxed elementor-section-height-default elementor-section-height-default\" data-id=\"8fd87cf\" data-element_type=\"section\">\n\t\t\t\t\t\t<div class=\"elementor-container elementor-column-gap-default\">\n\t\t\t\t\t\t\t<div class=\"elementor-row\">\n\t\t\t\t\t<div class=\"elementor-column elementor-col-100 elementor-top-column elementor-element elementor-element-a3205d5\" data-id=\"a3205d5\" data-element_type=\"column\">\n\t\t\t<div class=\"elementor-column-wrap elementor-element-populated\">\n\t\t\t\t\t\t\t<div class=\"elementor-widget-wrap\">\n\t\t\t\t\t\t<div class=\"elementor-element elementor-element-763798d elementor-widget elementor-widget-spacer\" data-id=\"763798d\" data-element_type=\"widget\" data-widget_type=\"spacer.default\">\n\t\t\t\t<div class=\"elementor-widget-container\">\n\t\t\t\t\t<div class=\"elementor-spacer\">\n\t\t\t<div class=\"elementor-spacer-inner\"><\/div>\n\t\t<\/div>\n\t\t\t\t<\/div>\n\t\t\t\t<\/div>\n\t\t\t\t\t\t<\/div>\n\t\t\t\t\t<\/div>\n\t\t<\/div>\n\t\t\t\t\t\t\t\t<\/div>\n\t\t\t\t\t<\/div>\n\t\t<\/section>\n\t\t\t\t<section class=\"elementor-section elementor-top-section elementor-element elementor-element-5278af5 elementor-section-boxed elementor-section-height-default elementor-section-height-default\" data-id=\"5278af5\" data-element_type=\"section\">\n\t\t\t\t\t\t<div class=\"elementor-container elementor-column-gap-default\">\n\t\t\t\t\t\t\t<div class=\"elementor-row\">\n\t\t\t\t\t<div class=\"elementor-column elementor-col-100 elementor-top-column elementor-element elementor-element-0ec85f9\" data-id=\"0ec85f9\" data-element_type=\"column\">\n\t\t\t<div class=\"elementor-column-wrap elementor-element-populated\">\n\t\t\t\t\t\t\t<div class=\"elementor-widget-wrap\">\n\t\t\t\t\t\t<div class=\"elementor-element elementor-element-b106a2f elementor-widget elementor-widget-heading\" data-id=\"b106a2f\" data-element_type=\"widget\" data-widget_type=\"heading.default\">\n\t\t\t\t<div class=\"elementor-widget-container\">\n\t\t\t<h5 class=\"elementor-heading-title elementor-size-default\">ACCESSORIS INCLOSOS PER A LA SEVA INSTAL\u00b7LACI\u00d3<\/h5>\t\t<\/div>\n\t\t\t\t<\/div>\n\t\t\t\t<div class=\"elementor-element elementor-element-1933a79 elementor-widget elementor-widget-text-editor\" data-id=\"1933a79\" data-element_type=\"widget\" data-widget_type=\"text-editor.default\">\n\t\t\t\t<div class=\"elementor-widget-container\">\n\t\t\t\t\t<div class=\"elementor-text-editor elementor-clearfix\"><table class=\" alignleft\"><tbody><tr><td width=\"283\"><p>Guia d&#8217;usuari x1<\/p><p>carregador 5VDC @ 1A<\/p><p>Cable micro-USB<\/p><\/td><td width=\"283\"><p>\u00a0<\/p><p>APP Akemira Home<\/p><\/td><\/tr><\/tbody><\/table><\/div>\n\t\t\t\t<\/div>\n\t\t\t\t<\/div>\n\t\t\t\t<div class=\"elementor-element elementor-element-5bf88c0 elementor-widget elementor-widget-text-editor\" data-id=\"5bf88c0\" data-element_type=\"widget\" data-widget_type=\"text-editor.default\">\n\t\t\t\t<div class=\"elementor-widget-container\">\n\t\t\t\t\t<div class=\"elementor-text-editor elementor-clearfix\"><p>Nota:<\/p><div><p><span lang=\"CA\">Per el funcionament del Cub es requereix la WIFI<\/span><\/p><\/div><\/div>\n\t\t\t\t<\/div>\n\t\t\t\t<\/div>\n\t\t\t\t\t\t<\/div>\n\t\t\t\t\t<\/div>\n\t\t<\/div>\n\t\t\t\t\t\t\t\t<\/div>\n\t\t\t\t\t<\/div>\n\t\t<\/section>\n\t\t\t\t<section class=\"elementor-section elementor-top-section elementor-element elementor-element-0c098ad elementor-section-boxed elementor-section-height-default elementor-section-height-default\" data-id=\"0c098ad\" data-element_type=\"section\">\n\t\t\t\t\t\t<div class=\"elementor-container elementor-column-gap-default\">\n\t\t\t\t\t\t\t<div class=\"elementor-row\">\n\t\t\t\t\t<div class=\"elementor-column elementor-col-100 elementor-top-column elementor-element elementor-element-52c20e7\" data-id=\"52c20e7\" data-element_type=\"column\">\n\t\t\t<div class=\"elementor-column-wrap\">\n\t\t\t\t\t\t\t<div class=\"elementor-widget-wrap\">\n\t\t\t\t\t\t\t\t<\/div>\n\t\t\t\t\t<\/div>\n\t\t<\/div>\n\t\t\t\t\t\t\t\t<\/div>\n\t\t\t\t\t<\/div>\n\t\t<\/section>\n\t\t\t\t<section class=\"elementor-section elementor-top-section elementor-element elementor-element-dc87dcf elementor-section-boxed elementor-section-height-default elementor-section-height-default\" data-id=\"dc87dcf\" data-element_type=\"section\">\n\t\t\t\t\t\t<div class=\"elementor-container elementor-column-gap-default\">\n\t\t\t\t\t\t\t<div class=\"elementor-row\">\n\t\t\t\t\t<div class=\"elementor-column elementor-col-100 elementor-top-column elementor-element elementor-element-4f33fd8\" data-id=\"4f33fd8\" data-element_type=\"column\">\n\t\t\t<div class=\"elementor-column-wrap elementor-element-populated\">\n\t\t\t\t\t\t\t<div class=\"elementor-widget-wrap\">\n\t\t\t\t\t\t<div class=\"elementor-element elementor-element-c30baee elementor-widget elementor-widget-text-editor\" data-id=\"c30baee\" data-element_type=\"widget\" data-widget_type=\"text-editor.default\">\n\t\t\t\t<div class=\"elementor-widget-container\">\n\t\t\t\t\t<div class=\"elementor-text-editor elementor-clearfix\"><p>I si ho necessites afegeix qualsevol altre dispositiu d&#8217;Akemira, a la mateixa app. Tot a casa teva dins d\u00b4una sola app : AKEMIRA HOME.<\/p><\/div>\n\t\t\t\t<\/div>\n\t\t\t\t<\/div>\n\t\t\t\t\t\t<\/div>\n\t\t\t\t\t<\/div>\n\t\t<\/div>\n\t\t\t\t\t\t\t\t<\/div>\n\t\t\t\t\t<\/div>\n\t\t<\/section>\n\t\t\t\t\t\t<\/div>\n\t\t\t\t\t\t<\/div>\n\t\t\t\t\t<\/div>\n\t\t","protected":false},"excerpt":{"rendered":"<div>\n<p>El cub IR et permetr\u00e0 encendre l\u2019aire condicionat de la llar uns minuts abans d\u00b4arribar-hi per trobar la temperatura adequada al m\u00ednim cost, es a dir, estalviant energia el\u00e9ctrica. a mes podr\u00e0s\u00a0engegar i parar la TV, Radio, robot de neteja i qualsevol aparell controlable per comandament a dist\u00e0ncia. Fins i tot pot esser d\u00b4utilitat per simular que est\u00e0s a casa quan en realitat no hi est\u00e0s.<\/p>\n<\/div>\n<p class=\"ak-envio-producto\"><i class=\"fa fa-truck\" aria-hidden=\"true\"><\/i> ENVIAMENT GRATU\u00cfT*<\/p>\n<p class=\"ak-entrega-producto\"><i class=\"fa fa-clock-o\" aria-hidden=\"true\"><\/i> LLIURAMENT EN 24\/48H<\/p>\n<p class=\"detall_enviament\">* Pen\u00ednsula i Balears.<\/p>\n","protected":false},"featured_media":1018,"template":"","meta":[],"yoast_head":"<!-- This site is optimized with the Yoast SEO plugin v15.6.2 - https:\/\/yoast.com\/wordpress\/plugins\/seo\/ -->\n<title>CUB extensor IR del commandament a distancia - Akemira<\/title>\n<meta name=\"description\" content=\"Controla qualsevol aparell de la llar controlable per comandament a distancia, des de el teu mobil, siguis on siguis. Estalvia en energia y seguretat.\" \/>\n<meta name=\"robots\" content=\"index, follow, max-snippet:-1, max-image-preview:large, max-video-preview:-1\" \/>\n<link rel=\"canonical\" href=\"https:\/\/akemira.com\/ca\/producte\/cub-extensor-ir-del-commandament-a-distancia\/\" \/>\n<meta property=\"og:locale\" content=\"ca_ES\" \/>\n<meta property=\"og:type\" content=\"article\" \/>\n<meta property=\"og:title\" content=\"CUB extensor IR del commandament a distancia - Akemira\" \/>\n<meta property=\"og:description\" content=\"Controla qualsevol aparell de la llar controlable per comandament a distancia, des de el teu mobil, siguis on siguis. Estalvia en energia y seguretat.\" \/>\n<meta property=\"og:url\" content=\"https:\/\/akemira.com\/ca\/producte\/cub-extensor-ir-del-commandament-a-distancia\/\" \/>\n<meta property=\"og:site_name\" content=\"Akemira\" \/>\n<meta property=\"article:modified_time\" content=\"2022-07-16T16:14:15+00:00\" \/>\n<meta property=\"og:image\" content=\"https:\/\/akemira.com\/wp-content\/uploads\/2021\/02\/AK10W-e1690114841936.png\" \/>\n\t<meta property=\"og:image:width\" content=\"320\" \/>\n\t<meta property=\"og:image:height\" content=\"289\" \/>\n<meta name=\"twitter:card\" content=\"summary_large_image\" \/>\n<meta name=\"twitter:label1\" content=\"Temps estimat de lectura\">\n\t<meta name=\"twitter:data1\" content=\"1 minut\">\n<script type=\"application\/ld+json\" class=\"yoast-schema-graph\">{\"@context\":\"https:\/\/schema.org\",\"@graph\":[{\"@type\":\"WebSite\",\"@id\":\"https:\/\/akemira.com\/#website\",\"url\":\"https:\/\/akemira.com\/\",\"name\":\"Akemira\",\"description\":\"Sempre a prop de casa\",\"potentialAction\":[{\"@type\":\"SearchAction\",\"target\":\"https:\/\/akemira.com\/?s={search_term_string}\",\"query-input\":\"required name=search_term_string\"}],\"inLanguage\":\"ca\"},{\"@type\":\"ImageObject\",\"@id\":\"https:\/\/akemira.com\/ca\/producte\/cub-extensor-ir-del-commandament-a-distancia\/#primaryimage\",\"inLanguage\":\"ca\",\"url\":\"https:\/\/akemira.com\/wp-content\/uploads\/2021\/02\/AK10W-e1690114841936.png\",\"width\":320,\"height\":289},{\"@type\":\"WebPage\",\"@id\":\"https:\/\/akemira.com\/ca\/producte\/cub-extensor-ir-del-commandament-a-distancia\/#webpage\",\"url\":\"https:\/\/akemira.com\/ca\/producte\/cub-extensor-ir-del-commandament-a-distancia\/\",\"name\":\"CUB extensor IR del commandament a distancia - Akemira\",\"isPartOf\":{\"@id\":\"https:\/\/akemira.com\/#website\"},\"primaryImageOfPage\":{\"@id\":\"https:\/\/akemira.com\/ca\/producte\/cub-extensor-ir-del-commandament-a-distancia\/#primaryimage\"},\"datePublished\":\"2022-07-16T09:56:08+00:00\",\"dateModified\":\"2022-07-16T16:14:15+00:00\",\"description\":\"Controla qualsevol aparell de la llar controlable per comandament a distancia, des de el teu mobil, siguis on siguis. Estalvia en energia y seguretat.\",\"inLanguage\":\"ca\",\"potentialAction\":[{\"@type\":\"ReadAction\",\"target\":[\"https:\/\/akemira.com\/ca\/producte\/cub-extensor-ir-del-commandament-a-distancia\/\"]}]}]}<\/script>\n<!-- \/ Yoast SEO plugin. -->","_links":{"self":[{"href":"https:\/\/akemira.com\/ca\/wp-json\/wp\/v2\/product\/1873"}],"collection":[{"href":"https:\/\/akemira.com\/ca\/wp-json\/wp\/v2\/product"}],"about":[{"href":"https:\/\/akemira.com\/ca\/wp-json\/wp\/v2\/types\/product"}],"version-history":[{"count":16,"href":"https:\/\/akemira.com\/ca\/wp-json\/wp\/v2\/product\/1873\/revisions"}],"predecessor-version":[{"id":1927,"href":"https:\/\/akemira.com\/ca\/wp-json\/wp\/v2\/product\/1873\/revisions\/1927"}],"wp:featuredmedia":[{"embeddable":true,"href":"https:\/\/akemira.com\/ca\/wp-json\/wp\/v2\/media\/1018"}],"wp:attachment":[{"href":"https:\/\/akemira.com\/ca\/wp-json\/wp\/v2\/media?parent=1873"}],"curies":[{"name":"wp","href":"https:\/\/api.w.org\/{rel}","templated":true}]}}