{"id":1805,"date":"2022-01-19T20:10:45","date_gmt":"2022-01-19T19:10:46","guid":{"rendered":"https:\/\/akemira.com\/?post_type=product&#038;p=1805"},"modified":"2022-01-20T02:25:33","modified_gmt":"2022-01-20T01:25:33","slug":"kit-vigilancia-i-cura-de-mascotes-pro","status":"publish","type":"product","link":"https:\/\/akemira.com\/ca\/producte\/kit-vigilancia-i-cura-de-mascotes-pro\/","title":{"rendered":"Kit Vigil\u00e0ncia i Cura de mascotes PRO"},"content":{"rendered":"\t\t<div data-elementor-type=\"product-post\" data-elementor-id=\"1805\" class=\"elementor elementor-1805 elementor-1804\" data-elementor-settings=\"[]\">\n\t\t\t\t\t\t<div class=\"elementor-inner\">\n\t\t\t\t\t\t\t<div class=\"elementor-section-wrap\">\n\t\t\t\t\t\t\t<section class=\"elementor-section elementor-top-section elementor-element elementor-element-52c2346e elementor-section-boxed elementor-section-height-default elementor-section-height-default\" data-id=\"52c2346e\" data-element_type=\"section\">\n\t\t\t\t\t\t<div class=\"elementor-container elementor-column-gap-default\">\n\t\t\t\t\t\t\t<div class=\"elementor-row\">\n\t\t\t\t\t<div class=\"elementor-column elementor-col-100 elementor-top-column elementor-element elementor-element-7d5eff9a\" data-id=\"7d5eff9a\" data-element_type=\"column\">\n\t\t\t<div class=\"elementor-column-wrap elementor-element-populated\">\n\t\t\t\t\t\t\t<div class=\"elementor-widget-wrap\">\n\t\t\t\t\t\t<div class=\"elementor-element elementor-element-4195cf1c elementor-widget elementor-widget-text-editor\" data-id=\"4195cf1c\" data-element_type=\"widget\" data-widget_type=\"text-editor.default\">\n\t\t\t\t<div class=\"elementor-widget-container\">\n\t\t\t\t\t<div class=\"elementor-text-editor elementor-clearfix\"><div><p><span class=\"y2iqfc\"><span lang=\"CA\">Podr\u00e0s vigilar les mascotes durant el post-operatori, i estar avisat a trav\u00e9s del teu m\u00f2bil, de qualsevol soroll anormal o canvi inesperat de la temperatura i la humitat de la sala que estiguin fora dels l\u00edmits que haguessis establert, podr\u00e0s actuar de forma manual o autom\u00e1tica sobre el calefactor\/ assecador\/ Humidificador\/ Llum, perqu\u00e8 les teves mascotes estiguin en tot moment en un entorn adequat.<\/span><\/span><\/p><p><span class=\"y2iqfc\"><span lang=\"CA\">L&#8217;app Akemira Home et permetr\u00e0 a m\u00e9s, afegir quants dispositius i sensors de Akemira necessitis, i automatitzar aquestes tasques si ho desitges.<\/span><\/span><\/p><div style=\"text-align: left;\"><p><span class=\"y2iqfc\"><span lang=\"CA\">Et recomanem afegir al kit el cub IR per al control remot del AC o Bomba de calor, i totes les c\u00e0meres que consideris necess\u00e0ries per visualitzar les teves mascotes des de diferents angles.<\/span><\/span><\/p><\/div><\/div><\/div>\n\t\t\t\t<\/div>\n\t\t\t\t<\/div>\n\t\t\t\t\t\t<\/div>\n\t\t\t\t\t<\/div>\n\t\t<\/div>\n\t\t\t\t\t\t\t\t<\/div>\n\t\t\t\t\t<\/div>\n\t\t<\/section>\n\t\t\t\t<section class=\"elementor-section elementor-top-section elementor-element elementor-element-fa1dda9 elementor-section-boxed elementor-section-height-default elementor-section-height-default\" data-id=\"fa1dda9\" data-element_type=\"section\">\n\t\t\t\t\t\t<div class=\"elementor-container elementor-column-gap-default\">\n\t\t\t\t\t\t\t<div class=\"elementor-row\">\n\t\t\t\t\t<div class=\"elementor-column elementor-col-100 elementor-top-column elementor-element elementor-element-06336f7\" data-id=\"06336f7\" data-element_type=\"column\">\n\t\t\t<div class=\"elementor-column-wrap elementor-element-populated\">\n\t\t\t\t\t\t\t<div class=\"elementor-widget-wrap\">\n\t\t\t\t\t\t<div class=\"elementor-element elementor-element-041eadf elementor-widget elementor-widget-spacer\" data-id=\"041eadf\" data-element_type=\"widget\" data-widget_type=\"spacer.default\">\n\t\t\t\t<div class=\"elementor-widget-container\">\n\t\t\t\t\t<div class=\"elementor-spacer\">\n\t\t\t<div class=\"elementor-spacer-inner\"><\/div>\n\t\t<\/div>\n\t\t\t\t<\/div>\n\t\t\t\t<\/div>\n\t\t\t\t<div class=\"elementor-element elementor-element-5c9056b elementor-widget elementor-widget-heading\" data-id=\"5c9056b\" data-element_type=\"widget\" data-widget_type=\"heading.default\">\n\t\t\t\t<div class=\"elementor-widget-container\">\n\t\t\t<h3 class=\"elementor-heading-title elementor-size-default\"><p>CUIDA LES MASCOTES EN TOT MOMENT<\/p>\n<\/h3>\t\t<\/div>\n\t\t\t\t<\/div>\n\t\t\t\t<div class=\"elementor-element elementor-element-81d5e9b elementor-widget elementor-widget-text-editor\" data-id=\"81d5e9b\" data-element_type=\"widget\" data-widget_type=\"text-editor.default\">\n\t\t\t\t<div class=\"elementor-widget-container\">\n\t\t\t\t\t<div class=\"elementor-text-editor elementor-clearfix\"><div><p><span class=\"y2iqfc\"><span lang=\"CA\">Monitoritza 24 hores al dia la sala<\/span><\/span><\/p><\/div><\/div>\n\t\t\t\t<\/div>\n\t\t\t\t<\/div>\n\t\t\t\t\t\t<\/div>\n\t\t\t\t\t<\/div>\n\t\t<\/div>\n\t\t\t\t\t\t\t\t<\/div>\n\t\t\t\t\t<\/div>\n\t\t<\/section>\n\t\t\t\t<section class=\"elementor-section elementor-top-section elementor-element elementor-element-9fd7e62 elementor-section-boxed elementor-section-height-default elementor-section-height-default\" data-id=\"9fd7e62\" data-element_type=\"section\">\n\t\t\t\t\t\t<div class=\"elementor-container elementor-column-gap-default\">\n\t\t\t\t\t\t\t<div class=\"elementor-row\">\n\t\t\t\t\t<div class=\"elementor-column elementor-col-25 elementor-top-column elementor-element elementor-element-b0a0245\" data-id=\"b0a0245\" data-element_type=\"column\">\n\t\t\t<div class=\"elementor-column-wrap elementor-element-populated\">\n\t\t\t\t\t\t\t<div class=\"elementor-widget-wrap\">\n\t\t\t\t\t\t<div class=\"elementor-element elementor-element-231efa1 elementor-widget elementor-widget-image\" data-id=\"231efa1\" data-element_type=\"widget\" data-widget_type=\"image.default\">\n\t\t\t\t<div class=\"elementor-widget-container\">\n\t\t\t\t\t<div class=\"elementor-image\">\n\t\t\t\t\t\t\t<figure class=\"wp-caption\">\n\t\t\t\t\t\t\t\t\t\t<img width=\"360\" height=\"240\" src=\"https:\/\/akemira.com\/wp-content\/uploads\/2020\/12\/akemira_camara_inteligente.jpg\" class=\"attachment-large size-large\" alt=\"Akemira C\u00e0mara Intel\u00b7ligent\" loading=\"lazy\" srcset=\"https:\/\/akemira.com\/wp-content\/uploads\/2020\/12\/akemira_camara_inteligente.jpg 360w, https:\/\/akemira.com\/wp-content\/uploads\/2020\/12\/akemira_camara_inteligente-300x200.jpg 300w\" sizes=\"(max-width: 360px) 100vw, 360px\" \/>\t\t\t\t\t\t\t\t\t\t\t<figcaption class=\"widget-image-caption wp-caption-text\">C\u00e0mara Intel\u00b7ligent<\/figcaption>\n\t\t\t\t\t\t\t\t\t\t<\/figure>\n\t\t\t\t\t<\/div>\n\t\t\t\t<\/div>\n\t\t\t\t<\/div>\n\t\t\t\t\t\t<\/div>\n\t\t\t\t\t<\/div>\n\t\t<\/div>\n\t\t\t\t<div class=\"elementor-column elementor-col-25 elementor-top-column elementor-element elementor-element-0886413\" data-id=\"0886413\" data-element_type=\"column\">\n\t\t\t<div class=\"elementor-column-wrap elementor-element-populated\">\n\t\t\t\t\t\t\t<div class=\"elementor-widget-wrap\">\n\t\t\t\t\t\t<div class=\"elementor-element elementor-element-fa2fa7a elementor-widget elementor-widget-image\" data-id=\"fa2fa7a\" data-element_type=\"widget\" data-widget_type=\"image.default\">\n\t\t\t\t<div class=\"elementor-widget-container\">\n\t\t\t\t\t<div class=\"elementor-image\">\n\t\t\t\t\t\t\t<figure class=\"wp-caption\">\n\t\t\t\t\t\t\t\t\t\t<img width=\"360\" height=\"240\" src=\"https:\/\/akemira.com\/wp-content\/uploads\/2020\/12\/akemira_temperatura_humedad.jpg\" class=\"attachment-large size-large\" alt=\"Akemira Sensor Temperatura \/ Humitat\" loading=\"lazy\" srcset=\"https:\/\/akemira.com\/wp-content\/uploads\/2020\/12\/akemira_temperatura_humedad.jpg 360w, https:\/\/akemira.com\/wp-content\/uploads\/2020\/12\/akemira_temperatura_humedad-300x200.jpg 300w\" sizes=\"(max-width: 360px) 100vw, 360px\" \/>\t\t\t\t\t\t\t\t\t\t\t<figcaption class=\"widget-image-caption wp-caption-text\">Sensor Temperatura \/ Humitat<\/figcaption>\n\t\t\t\t\t\t\t\t\t\t<\/figure>\n\t\t\t\t\t<\/div>\n\t\t\t\t<\/div>\n\t\t\t\t<\/div>\n\t\t\t\t\t\t<\/div>\n\t\t\t\t\t<\/div>\n\t\t<\/div>\n\t\t\t\t<div class=\"elementor-column elementor-col-25 elementor-top-column elementor-element elementor-element-68d60b3\" data-id=\"68d60b3\" data-element_type=\"column\">\n\t\t\t<div class=\"elementor-column-wrap elementor-element-populated\">\n\t\t\t\t\t\t\t<div class=\"elementor-widget-wrap\">\n\t\t\t\t\t\t<div class=\"elementor-element elementor-element-37dac54 elementor-widget elementor-widget-image\" data-id=\"37dac54\" data-element_type=\"widget\" data-widget_type=\"image.default\">\n\t\t\t\t<div class=\"elementor-widget-container\">\n\t\t\t\t\t<div class=\"elementor-image\">\n\t\t\t\t\t\t\t<figure class=\"wp-caption\">\n\t\t\t\t\t\t\t\t\t\t<img width=\"360\" height=\"240\" src=\"https:\/\/akemira.com\/wp-content\/uploads\/2020\/12\/akemira_enchufe_inteligente.jpg\" class=\"attachment-large size-large\" alt=\"Akemira Endoll Intel\u00b7ligent\" loading=\"lazy\" srcset=\"https:\/\/akemira.com\/wp-content\/uploads\/2020\/12\/akemira_enchufe_inteligente.jpg 360w, https:\/\/akemira.com\/wp-content\/uploads\/2020\/12\/akemira_enchufe_inteligente-300x200.jpg 300w\" sizes=\"(max-width: 360px) 100vw, 360px\" \/>\t\t\t\t\t\t\t\t\t\t\t<figcaption class=\"widget-image-caption wp-caption-text\">Endoll Intel\u00b7ligent<\/figcaption>\n\t\t\t\t\t\t\t\t\t\t<\/figure>\n\t\t\t\t\t<\/div>\n\t\t\t\t<\/div>\n\t\t\t\t<\/div>\n\t\t\t\t\t\t<\/div>\n\t\t\t\t\t<\/div>\n\t\t<\/div>\n\t\t\t\t<div class=\"elementor-column elementor-col-25 elementor-top-column elementor-element elementor-element-6e89306\" data-id=\"6e89306\" data-element_type=\"column\">\n\t\t\t<div class=\"elementor-column-wrap elementor-element-populated\">\n\t\t\t\t\t\t\t<div class=\"elementor-widget-wrap\">\n\t\t\t\t\t\t<div class=\"elementor-element elementor-element-641ce87 elementor-widget elementor-widget-image\" data-id=\"641ce87\" data-element_type=\"widget\" data-widget_type=\"image.default\">\n\t\t\t\t<div class=\"elementor-widget-container\">\n\t\t\t\t\t<div class=\"elementor-image\">\n\t\t\t\t\t\t\t<figure class=\"wp-caption\">\n\t\t\t\t\t\t\t\t\t\t<img width=\"360\" height=\"240\" src=\"https:\/\/akemira.com\/wp-content\/uploads\/2020\/12\/akemura_hub.jpg\" class=\"attachment-large size-large\" alt=\"Akemira HUB\" loading=\"lazy\" srcset=\"https:\/\/akemira.com\/wp-content\/uploads\/2020\/12\/akemura_hub.jpg 360w, https:\/\/akemira.com\/wp-content\/uploads\/2020\/12\/akemura_hub-300x200.jpg 300w\" sizes=\"(max-width: 360px) 100vw, 360px\" \/>\t\t\t\t\t\t\t\t\t\t\t<figcaption class=\"widget-image-caption wp-caption-text\">Akemira HUB<\/figcaption>\n\t\t\t\t\t\t\t\t\t\t<\/figure>\n\t\t\t\t\t<\/div>\n\t\t\t\t<\/div>\n\t\t\t\t<\/div>\n\t\t\t\t\t\t<\/div>\n\t\t\t\t\t<\/div>\n\t\t<\/div>\n\t\t\t\t\t\t\t\t<\/div>\n\t\t\t\t\t<\/div>\n\t\t<\/section>\n\t\t\t\t<section class=\"elementor-section elementor-top-section elementor-element elementor-element-7ead468 elementor-section-boxed elementor-section-height-default elementor-section-height-default\" data-id=\"7ead468\" data-element_type=\"section\">\n\t\t\t\t\t\t<div class=\"elementor-container elementor-column-gap-default\">\n\t\t\t\t\t\t\t<div class=\"elementor-row\">\n\t\t\t\t\t<div class=\"elementor-column elementor-col-100 elementor-top-column elementor-element elementor-element-d68773e\" data-id=\"d68773e\" data-element_type=\"column\">\n\t\t\t<div class=\"elementor-column-wrap elementor-element-populated\">\n\t\t\t\t\t\t\t<div class=\"elementor-widget-wrap\">\n\t\t\t\t\t\t<div class=\"elementor-element elementor-element-e1b3089 elementor-widget elementor-widget-spacer\" data-id=\"e1b3089\" data-element_type=\"widget\" data-widget_type=\"spacer.default\">\n\t\t\t\t<div class=\"elementor-widget-container\">\n\t\t\t\t\t<div class=\"elementor-spacer\">\n\t\t\t<div class=\"elementor-spacer-inner\"><\/div>\n\t\t<\/div>\n\t\t\t\t<\/div>\n\t\t\t\t<\/div>\n\t\t\t\t\t\t<\/div>\n\t\t\t\t\t<\/div>\n\t\t<\/div>\n\t\t\t\t\t\t\t\t<\/div>\n\t\t\t\t\t<\/div>\n\t\t<\/section>\n\t\t\t\t<section class=\"elementor-section elementor-top-section elementor-element elementor-element-7df5af8 elementor-section-boxed elementor-section-height-default elementor-section-height-default\" data-id=\"7df5af8\" data-element_type=\"section\">\n\t\t\t\t\t\t<div class=\"elementor-container elementor-column-gap-default\">\n\t\t\t\t\t\t\t<div class=\"elementor-row\">\n\t\t\t\t\t<div class=\"elementor-column elementor-col-100 elementor-top-column elementor-element elementor-element-6274348\" data-id=\"6274348\" data-element_type=\"column\">\n\t\t\t<div class=\"elementor-column-wrap elementor-element-populated\">\n\t\t\t\t\t\t\t<div class=\"elementor-widget-wrap\">\n\t\t\t\t\t\t<div class=\"elementor-element elementor-element-dea9178 elementor-widget elementor-widget-heading\" data-id=\"dea9178\" data-element_type=\"widget\" data-widget_type=\"heading.default\">\n\t\t\t\t<div class=\"elementor-widget-container\">\n\t\t\t<h5 class=\"elementor-heading-title elementor-size-default\">ACCESSORIS INCLOSOS PER A LA SEVA INSTAL\u00b7LACI\u00d3<\/h5>\t\t<\/div>\n\t\t\t\t<\/div>\n\t\t\t\t<div class=\"elementor-element elementor-element-d6e208d elementor-widget elementor-widget-text-editor\" data-id=\"d6e208d\" data-element_type=\"widget\" data-widget_type=\"text-editor.default\">\n\t\t\t\t<div class=\"elementor-widget-container\">\n\t\t\t\t\t<div class=\"elementor-text-editor elementor-clearfix\"><table><tbody><tr><td width=\"283\"><p>Guia de l&#8217;usuari x2<\/p><p>Cable de xarxa LAN x1<\/p><p>Base d&#8217;acero x1<\/p><p>Cargols i tacs x2<\/p><\/td><td width=\"283\"><p>Suport Sensor Temp y Hum\u00a0 x1<\/p><p>Cable micro USB x2<\/p><p>Adaptador de corrent (5V\/1A) x2<\/p><p>Bateria AAA x2<\/p><p>\u00a0<\/p><\/td><\/tr><\/tbody><\/table><\/div>\n\t\t\t\t<\/div>\n\t\t\t\t<\/div>\n\t\t\t\t<div class=\"elementor-element elementor-element-cbf90a2 elementor-widget elementor-widget-text-editor\" data-id=\"cbf90a2\" data-element_type=\"widget\" data-widget_type=\"text-editor.default\">\n\t\t\t\t<div class=\"elementor-widget-container\">\n\t\t\t\t\t<div class=\"elementor-text-editor elementor-clearfix\"><\/div>\n\t\t\t\t<\/div>\n\t\t\t\t<\/div>\n\t\t\t\t<div class=\"elementor-element elementor-element-8d98fd0 elementor-widget elementor-widget-text-editor\" data-id=\"8d98fd0\" data-element_type=\"widget\" data-widget_type=\"text-editor.default\">\n\t\t\t\t<div class=\"elementor-widget-container\">\n\t\t\t\t\t<div class=\"elementor-text-editor elementor-clearfix\"><p>Nota: Aquest kit de productes requereix d&#8217;una connexi\u00f3 estable del router a internet i a una freq\u00fc\u00e8ncia WiFi de 2.4GHz pel seu correcte funcionament.<\/p>\n<\/div>\n\t\t\t\t<\/div>\n\t\t\t\t<\/div>\n\t\t\t\t\t\t<\/div>\n\t\t\t\t\t<\/div>\n\t\t<\/div>\n\t\t\t\t\t\t\t\t<\/div>\n\t\t\t\t\t<\/div>\n\t\t<\/section>\n\t\t\t\t<section class=\"elementor-section elementor-top-section elementor-element elementor-element-f36d0d5 elementor-section-boxed elementor-section-height-default elementor-section-height-default\" data-id=\"f36d0d5\" data-element_type=\"section\">\n\t\t\t\t\t\t<div class=\"elementor-container elementor-column-gap-default\">\n\t\t\t\t\t\t\t<div class=\"elementor-row\">\n\t\t\t\t\t<div class=\"elementor-column elementor-col-100 elementor-top-column elementor-element elementor-element-0b00e10\" data-id=\"0b00e10\" data-element_type=\"column\">\n\t\t\t<div class=\"elementor-column-wrap elementor-element-populated\">\n\t\t\t\t\t\t\t<div class=\"elementor-widget-wrap\">\n\t\t\t\t\t\t<div class=\"elementor-element elementor-element-9cd3795 elementor-widget elementor-widget-text-editor\" data-id=\"9cd3795\" data-element_type=\"widget\" data-widget_type=\"text-editor.default\">\n\t\t\t\t<div class=\"elementor-widget-container\">\n\t\t\t\t\t<div class=\"elementor-text-editor elementor-clearfix\"><p style=\"text-align: center;\">Mes informaci\u00f3 sobre el kit KS007 de vigil\u00e0ncia i cura de mascotes PRO<\/p><\/div>\n\t\t\t\t<\/div>\n\t\t\t\t<\/div>\n\t\t\t\t\t\t<\/div>\n\t\t\t\t\t<\/div>\n\t\t<\/div>\n\t\t\t\t\t\t\t\t<\/div>\n\t\t\t\t\t<\/div>\n\t\t<\/section>\n\t\t\t\t<section class=\"elementor-section elementor-top-section elementor-element elementor-element-6d23a3d elementor-section-boxed elementor-section-height-default elementor-section-height-default\" data-id=\"6d23a3d\" data-element_type=\"section\">\n\t\t\t\t\t\t<div class=\"elementor-container elementor-column-gap-default\">\n\t\t\t\t\t\t\t<div class=\"elementor-row\">\n\t\t\t\t\t<div class=\"elementor-column elementor-col-100 elementor-top-column elementor-element elementor-element-359244b\" data-id=\"359244b\" data-element_type=\"column\">\n\t\t\t<div class=\"elementor-column-wrap elementor-element-populated\">\n\t\t\t\t\t\t\t<div class=\"elementor-widget-wrap\">\n\t\t\t\t\t\t<div class=\"elementor-element elementor-element-b982789 elementor-widget elementor-widget-image\" data-id=\"b982789\" data-element_type=\"widget\" data-widget_type=\"image.default\">\n\t\t\t\t<div class=\"elementor-widget-container\">\n\t\t\t\t\t<div class=\"elementor-image\">\n\t\t\t\t\t\t\t\t\t\t<img width=\"852\" height=\"854\" src=\"https:\/\/akemira.com\/wp-content\/uploads\/2022\/01\/Captura-de-pantalla-2022-01-20-a-las-2.18.10.png\" class=\"attachment-large size-large\" alt=\"\" loading=\"lazy\" srcset=\"https:\/\/akemira.com\/wp-content\/uploads\/2022\/01\/Captura-de-pantalla-2022-01-20-a-las-2.18.10.png 852w, https:\/\/akemira.com\/wp-content\/uploads\/2022\/01\/Captura-de-pantalla-2022-01-20-a-las-2.18.10-300x300.png 300w, https:\/\/akemira.com\/wp-content\/uploads\/2022\/01\/Captura-de-pantalla-2022-01-20-a-las-2.18.10-150x150.png 150w, https:\/\/akemira.com\/wp-content\/uploads\/2022\/01\/Captura-de-pantalla-2022-01-20-a-las-2.18.10-768x770.png 768w, https:\/\/akemira.com\/wp-content\/uploads\/2022\/01\/Captura-de-pantalla-2022-01-20-a-las-2.18.10-600x601.png 600w, https:\/\/akemira.com\/wp-content\/uploads\/2022\/01\/Captura-de-pantalla-2022-01-20-a-las-2.18.10-200x200.png 200w\" sizes=\"(max-width: 852px) 100vw, 852px\" \/>\t\t\t\t\t\t\t\t\t\t\t<\/div>\n\t\t\t\t<\/div>\n\t\t\t\t<\/div>\n\t\t\t\t\t\t<\/div>\n\t\t\t\t\t<\/div>\n\t\t<\/div>\n\t\t\t\t\t\t\t\t<\/div>\n\t\t\t\t\t<\/div>\n\t\t<\/section>\n\t\t\t\t\t\t<\/div>\n\t\t\t\t\t\t<\/div>\n\t\t\t\t\t<\/div>\n\t\t","protected":false},"excerpt":{"rendered":"<p>Producte recomanat per a cl\u00edniques veterin\u00e0ries, el kit et permet vigilar i cuidar les teves mascotes i el seu entorn en tot moment. Rep avisos al teu m\u00f2bil quan algun indicador (soroll, temperatura, humitat) estigui fora dels l\u00edmits que vas definir, observa les imatges i pren acci\u00f3. El Kit Vigil\u00e0ncia i Cura de mascotes PRO inclou:<\/p>\n<ul>\n<li>C\u00e0mera intel\u00b7ligent amb visi\u00f3 nocturna.<\/li>\n<li>Sensor de temperatura i humitat.<\/li>\n<li>HUB sense fils IEEE 802.15.4<\/li>\n<li>Endoll intel\u00b7ligent<\/li>\n<li>App Akemira Home<\/li>\n<\/ul>\n<p class=\"ak-envio-producto\"><i class=\"fa fa-truck\" aria-hidden=\"true\"><\/i> ENVIAMENT GRATU\u00cfT*<\/p>\n<p class=\"ak-entrega-producto\"><i class=\"fa fa-clock-o\" aria-hidden=\"true\"><\/i> LLIURAMENT EN 24\/48H<\/p>\n<p class=\"detall_enviament\">* Pen\u00ednsula y Baleares.<\/p>\n","protected":false},"featured_media":3651,"template":"","meta":[],"yoast_head":"<!-- This site is optimized with the Yoast SEO plugin v15.6.2 - https:\/\/yoast.com\/wordpress\/plugins\/seo\/ -->\n<title>Kit Vigil\u00e0ncia i Cura de mascotes PRO - Akemira<\/title>\n<meta name=\"description\" content=\"Vigila i controla a les teves mascotes durant el post operatori 24 hores al dia\" \/>\n<meta name=\"robots\" content=\"index, follow, max-snippet:-1, max-image-preview:large, max-video-preview:-1\" \/>\n<link rel=\"canonical\" href=\"https:\/\/akemira.com\/producte\/kit-vigilancia-y-cuidado-de-mascotas-pro\/\" \/>\n<meta property=\"og:locale\" content=\"ca_ES\" \/>\n<meta property=\"og:type\" content=\"article\" \/>\n<meta property=\"og:title\" content=\"Kit Vigil\u00e0ncia i Cura de mascotes PRO - Akemira\" \/>\n<meta property=\"og:description\" content=\"Vigila i controla a les teves mascotes durant el post operatori 24 hores al dia\" \/>\n<meta property=\"og:url\" content=\"https:\/\/akemira.com\/producte\/kit-vigilancia-y-cuidado-de-mascotas-pro\/\" \/>\n<meta property=\"og:site_name\" content=\"Akemira\" \/>\n<meta property=\"article:modified_time\" content=\"2022-01-20T01:25:33+00:00\" \/>\n<meta property=\"og:image\" content=\"https:\/\/akemira.com\/wp-content\/uploads\/2023\/11\/KS007-1-scaled-e1694103392869-PhotoRoom.png-PhotoRoom.png\" \/>\n\t<meta property=\"og:image:width\" content=\"1280\" \/>\n\t<meta property=\"og:image:height\" content=\"1280\" \/>\n<meta name=\"twitter:card\" content=\"summary_large_image\" \/>\n<meta name=\"twitter:label1\" content=\"Temps estimat de lectura\">\n\t<meta name=\"twitter:data1\" content=\"1 minut\">\n<script type=\"application\/ld+json\" class=\"yoast-schema-graph\">{\"@context\":\"https:\/\/schema.org\",\"@graph\":[{\"@type\":\"WebSite\",\"@id\":\"https:\/\/akemira.com\/#website\",\"url\":\"https:\/\/akemira.com\/\",\"name\":\"Akemira\",\"description\":\"Sempre a prop de casa\",\"potentialAction\":[{\"@type\":\"SearchAction\",\"target\":\"https:\/\/akemira.com\/?s={search_term_string}\",\"query-input\":\"required name=search_term_string\"}],\"inLanguage\":\"ca\"},{\"@type\":\"ImageObject\",\"@id\":\"https:\/\/akemira.com\/producte\/kit-vigilancia-y-cuidado-de-mascotas-pro\/#primaryimage\",\"inLanguage\":\"ca\",\"url\":\"https:\/\/akemira.com\/wp-content\/uploads\/2023\/11\/KS007-1-scaled-e1694103392869-PhotoRoom.png-PhotoRoom.png\",\"width\":1280,\"height\":1280},{\"@type\":\"WebPage\",\"@id\":\"https:\/\/akemira.com\/producte\/kit-vigilancia-y-cuidado-de-mascotas-pro\/#webpage\",\"url\":\"https:\/\/akemira.com\/producte\/kit-vigilancia-y-cuidado-de-mascotas-pro\/\",\"name\":\"Kit Vigil\\u00e0ncia i Cura de mascotes PRO - Akemira\",\"isPartOf\":{\"@id\":\"https:\/\/akemira.com\/#website\"},\"primaryImageOfPage\":{\"@id\":\"https:\/\/akemira.com\/producte\/kit-vigilancia-y-cuidado-de-mascotas-pro\/#primaryimage\"},\"datePublished\":\"2022-01-19T19:10:46+00:00\",\"dateModified\":\"2022-01-20T01:25:33+00:00\",\"description\":\"Vigila i controla a les teves mascotes durant el post operatori 24 hores al dia\",\"inLanguage\":\"ca\",\"potentialAction\":[{\"@type\":\"ReadAction\",\"target\":[\"https:\/\/akemira.com\/producte\/kit-vigilancia-y-cuidado-de-mascotas-pro\/\"]}]}]}<\/script>\n<!-- \/ Yoast SEO plugin. -->","_links":{"self":[{"href":"https:\/\/akemira.com\/ca\/wp-json\/wp\/v2\/product\/1805"}],"collection":[{"href":"https:\/\/akemira.com\/ca\/wp-json\/wp\/v2\/product"}],"about":[{"href":"https:\/\/akemira.com\/ca\/wp-json\/wp\/v2\/types\/product"}],"version-history":[{"count":8,"href":"https:\/\/akemira.com\/ca\/wp-json\/wp\/v2\/product\/1805\/revisions"}],"predecessor-version":[{"id":1834,"href":"https:\/\/akemira.com\/ca\/wp-json\/wp\/v2\/product\/1805\/revisions\/1834"}],"wp:featuredmedia":[{"embeddable":true,"href":"https:\/\/akemira.com\/ca\/wp-json\/wp\/v2\/media\/3651"}],"wp:attachment":[{"href":"https:\/\/akemira.com\/ca\/wp-json\/wp\/v2\/media?parent=1805"}],"curies":[{"name":"wp","href":"https:\/\/api.w.org\/{rel}","templated":true}]}}