{"id":642,"date":"2021-01-03T09:49:47","date_gmt":"2021-01-03T08:49:47","guid":{"rendered":"http:\/\/akemira.com\/enviaments-i-devolucions\/"},"modified":"2021-01-03T12:20:47","modified_gmt":"2021-01-03T11:20:47","slug":"enviaments-i-devolucions","status":"publish","type":"page","link":"https:\/\/akemira.com\/ca\/enviaments-i-devolucions\/","title":{"rendered":"Enviaments i devolucions"},"content":{"rendered":"\n<h3>POL\u00cdTICA D&#8217;ENVIAMENTS<\/h3>\n\n\n\n<p><strong>1.- Mitjans pels quals realitzem els despatxos nacionals<\/strong><\/p>\n\n\n\n<p>El nostre distribu\u00efdor log\u00edstic DISNET utilitza un Courier, per als despatxos a la pen\u00ednsula i Balears. El courier Facilita un nombre de seguiment de l&#8217;enviament, a trav\u00e9s del qual el client pot saber en tot moment on es troba la mercaderia, i el temps estimat per al lliurament.<\/p>\n\n\n\n<p><strong>2.- Temps de lliurament<\/strong><\/p>\n\n\n\n<p>El courier lliura la mercaderia  entre 24 i 48 hores a tota la pen\u00ednsula, a partir de l&#8217;ordre donada per Akemira.<\/p>\n\n\n\n<p>A Akemira ens assegurem que la configuraci\u00f3 escollida compleix tots els requisits i que la direcci\u00f3 d&#8217;enviament est\u00e0 lliure d&#8217;errors tipogr\u00e0fics. Aquest procediment pot trigar entre 10 min. I 4 hores com a m\u00e0xim. Pel que el temps d&#8217;entrega a la pen\u00ednsula mai superar\u00e0 les 52 hores. Aquest comen\u00e7a a transc\u00f3rrer en el moment de l&#8217;acceptaci\u00f3 de la comanda a la plataforma triada.<\/p>\n\n\n\n<p><strong>3.- Data de l&#8217;despatx de l&#8217;enviament<\/strong><\/p>\n\n\n\n<p>Un cop acceptada la comanda, rebr\u00e0s la informaci\u00f3 que l&#8217;enviament es va comen\u00e7ar a tramitar.<\/p>\n\n\n\n<p>Addicionalment, i mitjan\u00e7ant la plataforma del Courier podr\u00e0s fer el seguiment del teu enviament on line, disposar d&#8217;una bona aproximaci\u00f3 de la data del lliurament, aix\u00ed com que fer en cas que no estiguis a casa en el moment del lliurament.<\/p>\n\n\n\n<p><strong>4.- Costos de l&#8217;enviament<\/strong><\/p>\n\n\n\n<p>Normalment els costos de l&#8217;enviament estan especificats a la plataforma en la qual es realitza la comanda no estan inclosos en el preu del producte, llevat que s&#8217;especifiqui el contrari en el moment de la compra. Aquesta informaci\u00f3 estar\u00e0 sempre accessible ABANS de realitzar el pagament.<\/p>\n\n\n\n<p><strong>5.- Que passa si &#8230;:<\/strong><\/p>\n\n\n\n<p>&#8211; Vaig rebre les dades d&#8217;enviament i nombre de seguiment per\u00f2 no vaig rebre la meva comanda:<\/p>\n\n\n\n<p>Et recomanem contactis amb el Courier probablement no van trobar a ning\u00fa al teu domicili, van deixar una nota a la teva b\u00fastia, i amb ella i el DNI de qui va realitzar la comanda, haur\u00e0s de passar a recollir la teva comanda en el punt de recollida indicat a la nota.<\/p>\n\n\n\n<p>Tamb\u00e9 et recomanem preguntis als teus ve\u00efns per si algun hagu\u00e9s recollit el paquet en el teu nom<\/p>\n\n\n\n<p>&#8211; No he rebut, ni les dades d&#8217;enviament, ni el nombre de seguiment:<\/p>\n\n\n\n<p>Contacta directament amb la plataforma en la qual vas realitzar la comanda (en contacte) o si no amb <a href=\"mailto:support@akemira.com\">support@akemira.com<\/a><\/p>\n\n\n\n<p><strong>6.- Recomanacions en el moment de rebre la comanda<\/strong><\/p>\n\n\n\n<p>Verifica que l&#8217;embalatge est\u00e0 en bon estat, i no presenta cap trencament. Si no \u00e9s aix\u00ed, no accepteu el lliurament, comunica-ho a la plataforma on vas realitzar la comanda i a <a href=\"mailto:support@akemira.com\">support@akemira.com<\/a>, especifica sempre el teu n\u00famero de comanda.<\/p>\n\n\n\n<p>Si no aprecies cap trencament a l&#8217;exterior, per\u00f2 el producte est\u00e0 danyat, o no funciona, posa&#8217;t en contacte amb la plataforma des de la qual vas realitzar la comanda , o be amb support@akemira.com i trobarem la millor f\u00f3rmula per solucionar-ho lo m\u00e9s aviat possible. Si us plau especifica el teu n\u00famero de comanda i data en qu\u00e8 ho vas realitzar.<\/p>\n\n\n\n<h3>POL\u00cdTICA DE DEVOLUCIONS<\/h3>\n\n\n\n<p>Abans de tornar el producte et suggerim que per a qualsevol dificultat que haguessis pogut tenir en el moment de la instal\u00b7laci\u00f3, contactis amb el nostre equip de suport en <a href=\"mailto:support@akemira.com\">support@akemira.com<\/a>.<\/p>\n\n\n\n<p>Per facilitar el proc\u00e9s de devoluci\u00f3 et recomanem:<\/p>\n\n\n\n<p>Comuniquis la teva decisi\u00f3 a la plataforma des de la qual vas realitzar la comanda. T&#8217;agrairem especifiquis la causa de la devoluci\u00f3.<\/p>\n\n\n\n<p>Conserva l&#8217;embalatge original, i assegura&#8217;t que no hi falta cap component (sensors, accessoris, cables etc) a l&#8217;interior de la caixa que cont\u00e9 el Kit.<\/p>\n\n\n\n<p>Haur\u00e0s fer-te c\u00e0rrec de el cost de l&#8217;transport de tornada a la nostra central de distribuci\u00f3. Les dades s&#8217;indiquen a continuaci\u00f3:<\/p>\n\n\n\n<p>DISNET &#8211; Carrer de Can Camps, 15, 08202 Sabadell, Barcelona<\/p>\n\n\n\n<p>INDICANT CLARAMENT: DEVOLUCI\u00d3 AKEMIRA I NUMERO DE SEGUIMENT DE COMANDA<\/p>\n\n\n\n<p>DISNET comprovar\u00e0 que tots els components estan dins de l&#8217;Kit i es troben en bones condicions, \u00e9s a dir no estan trencats i que no presenten danys que li impedeixin funcionar. Si \u00e9s aix\u00ed, aqu\u00ed acabar\u00e0 el proc\u00e9s de devoluci\u00f3. No obstant aix\u00f2, si no es produeix alguna de les condicions anteriors, AKEMIRA es reserva el dret a reclamar-te el cost de reparaci\u00f3 o substituci\u00f3 dels elements de el kit que puguin faltar o b\u00e9 estar danyats.<\/p>\n","protected":false},"excerpt":{"rendered":"<p>POL\u00cdTICA D&#8217;ENVIAMENTS 1.- Mitjans pels quals realitzem els despatxos nacionals El nostre distribu\u00efdor log\u00edstic DISNET utilitza un Courier, per als despatxos a la pen\u00ednsula i Balears. El courier Facilita un nombre de seguiment de l&#8217;enviament, a trav\u00e9s del qual el client pot saber en tot moment on es troba la mercaderia, i el temps estimat&hellip;<\/p>\n","protected":false},"author":3,"featured_media":0,"parent":0,"menu_order":0,"comment_status":"closed","ping_status":"closed","template":"","meta":[],"yoast_head":"<!-- This site is optimized with the Yoast SEO plugin v15.6.2 - https:\/\/yoast.com\/wordpress\/plugins\/seo\/ -->\n<title>Enviaments i devolucions - Akemira<\/title>\n<meta name=\"robots\" content=\"noindex, nofollow\" \/>\n<meta property=\"og:locale\" content=\"ca_ES\" \/>\n<meta property=\"og:type\" content=\"article\" \/>\n<meta property=\"og:title\" content=\"Enviaments i devolucions - Akemira\" \/>\n<meta property=\"og:description\" content=\"POL\u00cdTICA D&#8217;ENVIAMENTS 1.- Mitjans pels quals realitzem els despatxos nacionals El nostre distribu\u00efdor log\u00edstic DISNET utilitza un Courier, per als despatxos a la pen\u00ednsula i Balears. El courier Facilita un nombre de seguiment de l&#8217;enviament, a trav\u00e9s del qual el client pot saber en tot moment on es troba la mercaderia, i el temps estimat&hellip;\" \/>\n<meta property=\"og:url\" content=\"https:\/\/akemira.com\/ca\/enviaments-i-devolucions\/\" \/>\n<meta property=\"og:site_name\" content=\"Akemira\" \/>\n<meta property=\"article:modified_time\" content=\"2021-01-03T11:20:47+00:00\" \/>\n<meta name=\"twitter:card\" content=\"summary_large_image\" \/>\n<meta name=\"twitter:label1\" content=\"Temps estimat de lectura\">\n\t<meta name=\"twitter:data1\" content=\"4 minuts\">\n<script type=\"application\/ld+json\" class=\"yoast-schema-graph\">{\"@context\":\"https:\/\/schema.org\",\"@graph\":[{\"@type\":\"WebSite\",\"@id\":\"https:\/\/akemira.com\/#website\",\"url\":\"https:\/\/akemira.com\/\",\"name\":\"Akemira\",\"description\":\"Sempre a prop de casa\",\"potentialAction\":[{\"@type\":\"SearchAction\",\"target\":\"https:\/\/akemira.com\/?s={search_term_string}\",\"query-input\":\"required name=search_term_string\"}],\"inLanguage\":\"ca\"},{\"@type\":\"WebPage\",\"@id\":\"https:\/\/akemira.com\/ca\/enviaments-i-devolucions\/#webpage\",\"url\":\"https:\/\/akemira.com\/ca\/enviaments-i-devolucions\/\",\"name\":\"Enviaments i devolucions - Akemira\",\"isPartOf\":{\"@id\":\"https:\/\/akemira.com\/#website\"},\"datePublished\":\"2021-01-03T08:49:47+00:00\",\"dateModified\":\"2021-01-03T11:20:47+00:00\",\"inLanguage\":\"ca\",\"potentialAction\":[{\"@type\":\"ReadAction\",\"target\":[\"https:\/\/akemira.com\/ca\/enviaments-i-devolucions\/\"]}]}]}<\/script>\n<!-- \/ Yoast SEO plugin. -->","_links":{"self":[{"href":"https:\/\/akemira.com\/ca\/wp-json\/wp\/v2\/pages\/642"}],"collection":[{"href":"https:\/\/akemira.com\/ca\/wp-json\/wp\/v2\/pages"}],"about":[{"href":"https:\/\/akemira.com\/ca\/wp-json\/wp\/v2\/types\/page"}],"author":[{"embeddable":true,"href":"https:\/\/akemira.com\/ca\/wp-json\/wp\/v2\/users\/3"}],"replies":[{"embeddable":true,"href":"https:\/\/akemira.com\/ca\/wp-json\/wp\/v2\/comments?post=642"}],"version-history":[{"count":3,"href":"https:\/\/akemira.com\/ca\/wp-json\/wp\/v2\/pages\/642\/revisions"}],"predecessor-version":[{"id":654,"href":"https:\/\/akemira.com\/ca\/wp-json\/wp\/v2\/pages\/642\/revisions\/654"}],"wp:attachment":[{"href":"https:\/\/akemira.com\/ca\/wp-json\/wp\/v2\/media?parent=642"}],"curies":[{"name":"wp","href":"https:\/\/api.w.org\/{rel}","templated":true}]}}