{"id":552,"date":"2021-01-02T11:07:19","date_gmt":"2021-01-02T10:07:19","guid":{"rendered":"http:\/\/akemira.com\/politica-de-cookies\/"},"modified":"2021-01-02T11:12:12","modified_gmt":"2021-01-02T10:12:12","slug":"politica-de-cookies","status":"publish","type":"page","link":"https:\/\/akemira.com\/ca\/politica-de-cookies\/","title":{"rendered":"Pol\u00edtica de cookies"},"content":{"rendered":"\n<p>De conformitat amb el que estableix l&#8217;article 22.2 de la LSSICE (Llei 34\/2002, de 11 de juliol) i amb el Reglament (UE) 2016\/679, de 27 d&#8217;abril (RGPD), t\u00b4informem de lo relatiu que fa l\u00b4\u00fas i tractament de dispositius d&#8217;emmagatzematge i recuperaci\u00f3 de dades en equips terminals dels destinataris, dispositius comunament denominats &#8220;cookies&#8221;, per part de Akemira SL, d&#8217;ara endavant, AKEMIRA.\r\n\r\nEn aquest sentit, AKEMIRA, en aquesta web, ubicada a la direcci\u00f3 www.akemira.com, utilitza cookies.<\/p>\n\n\n\n<p>Una cookie \u00e9s un fitxer que es descarrega al dispositiu inform\u00e0tic a l&#8217;accedir a determinades p\u00e0gines web.\r\nLes cookies permeten a una p\u00e0gina web, entre altres coses, emmagatzemar i recuperar informaci\u00f3 sobre els h\u00e0bits de navegaci\u00f3 d&#8217;un usuari o del seu equip i, depenent de la informaci\u00f3 que continguin i de la forma en qu\u00e8 s&#8217;utilitzi el seu equip, poden servir per recon\u00e8ixer-ho. No obstant aix\u00f2, aquests mitjans nom\u00e9s obtenen informaci\u00f3 relacionada amb el nombre de p\u00e0gines visites, la ciutat a la qual est\u00e0 assignada l&#8217;adre\u00e7a IP des de la qual s&#8217;accedeix, el nombre de nous usuaris, la freq\u00fc\u00e8ncia i reincid\u00e8ncia de les visites, el temps de visita , el navegador o l&#8217;operador o tipus de terminal des del qual es realitza la visita. En cap cas s&#8217;obtenen dades sobre el nom, cognoms o adre\u00e7a postal des de la qual l&#8217;Usuari s&#8217;ha connectat.<\/p>\n\n\n\n<p>Les cookies utilitzades en la nostra web s\u00f3n les seg\u00fcents:<\/p>\n\n\n\n<p><em><strong>&#8211; Cookies anal\u00edtiques: <\/strong><\/em>S\u00f3n aquelles que, o be tractades per nosaltres o per tercers, ens permeten quantificar el nombre d&#8217;usuaris i examinar la seva navegaci\u00f3, podent aix\u00ed realitzar el mesurament i l\u00b4an\u00e0lisi estad\u00edstic de l\u00b4\u00fas que fan els usuaris.\r\n\r\nPer aix\u00f2 s&#8217;analitza la seva navegaci\u00f3 a la nostra p\u00e0gina web per tal de millorar els continguts de la mateixa i prestar un millor servei a trav\u00e9s d&#8217;ella. L&#8217;aplicaci\u00f3 que utilitzem per a aix\u00f2 \u00e9s Google Analitycs, que pertany a Google. A m\u00e9s, Google pot utilitzar les dades obtingudes per millorar els seus propis serveis i per oferir serveis a altres empreses. Podeu fer clic en el seg\u00fcent link per obtenir m\u00e9s informaci\u00f3:\r\n\r\nhttps:\/\/developers.google.com\/analytics\/devguides\/collection\/analyticsjs\/cookie-usage<\/p>\n\n\n\n<p><em><strong>&nbsp;-Cookies publicit\u00e0ries de tercers: <\/strong><\/em>S\u00f3n aquelles que permeten la gesti\u00f3, de la forma m\u00e9s efica\u00e7 possible, dels espais publicitaris que, si escau, l&#8217;editor hagi incl\u00f2s a la nostra p\u00e0gina web, aplicaci\u00f3 o plataforma des de la qual presta el servei sol\u00b7licitat, en base a criteris com el contingut editat o la freq\u00fc\u00e8ncia en qu\u00e8 es mostren els anuncis. En concret utilitzem cookies de Double Click pertanyent a Google. Per a m\u00e9s informaci\u00f3: <a href=\"http:\/\/www.google.es\/policies\/technologies\/ads\/\">http:\/\/www.google.es\/policies\/technologies\/ads\/<\/a><\/p>\n\n\n\n<p><em><strong>&#8211; Cookies de sistema: <\/strong><\/em>Utilitzem cookies t\u00e8cniques, funcionals i de sessi\u00f3. Aquests cookies s\u00f3n necess\u00e0ries ja que habiliten la funcionalitat principal del lloc web. Sense aquestes cookies el lloc web no pot funcionar.<\/p>\n\n\n\n<p><em>\u2022 PHPSESSID<\/em>\r\nEl seu ID de sessi\u00f3 en el servidor. Aquesta informaci\u00f3 \u00e9s necess\u00e0ria per permetre que un usuari estigui connectat a un lloc web sense necessitat d&#8217;enviar el seu nom d&#8217;usuari i contrasenya per a cada p\u00e0gina visitada. Sense aquesta cookie, un usuari no pot continuar \u00e0rees de el lloc web que requereixen acc\u00e9s autenticat.<\/p>\n\n\n\n<p><em>\u2022 private_content_version<\/em>\r\nAfegeix un nombre i hora aleatoris \u00fanics a les p\u00e0gines amb contingut de el client per evitar que s&#8217;emmagatzemin a la mem\u00f2ria cau de servidor<\/p>\n\n\n\n<p><em>\u2022 form_key<\/em>\r\nEmmagatzema claus generades aleat\u00f2riament per evitar sol\u00b7licituds falsificades.<\/p>\n\n\n\n<p><em>\u2022 store<\/em>\r\nRealitza de l&#8217;idioma que heu seleccionat.<\/p>\n\n\n\n<p><em>\u2022 login_redirect<\/em>\r\nConserva la p\u00e0gina en la qual estava navegant l&#8217;usuari per ser redirigit despr\u00e9s d&#8217;iniciar sessi\u00f3.<\/p>\n\n\n\n<p><em>\u2022 mage-messages<\/em>\r\nRealitza un seguiment dels missatges d&#8217;error i altres notificacions que es mostren a l&#8217;usuari.<\/p>\n\n\n\n<p><em>\u2022 mage-cache-storage<\/em>\r\nFacilita l&#8217;emmagatzematge en mem\u00f2ria cau de l&#8217;contingut al navegador perqu\u00e8 les p\u00e0gines es carreguin m\u00e9s r\u00e0pid.<\/p>\n\n\n\n<p><em>\u2022 mage-cache-storage-section-invalidation<\/em>\r\nObliga a l&#8217;emmagatzematge en mem\u00f2ria cau de l&#8217;contingut de seccions espec\u00edfiques en el navegador perqu\u00e8 es carreguin m\u00e9s r\u00e0pid.<\/p>\n\n\n\n<p><em>\u2022 user_allowed_save_cookie<\/em>\r\nIndica si el client permet que es guardin les cookies<\/p>\n\n\n\n<p><em>\u2022 mage-translation-storage<\/em>\r\nFacilita la traducci\u00f3 de continguts a altres idiomes quan ho socilita l&#8217;usuari.<\/p>\n\n\n\n<p>\u2022<em>&nbsp;mage-translation-file-version<\/em>\r\nFacilita la traducci\u00f3 de continguts a altres idiomes.<\/p>\n\n\n\n<p><em>\u2022 extait_allowed_categories<\/em>\r\nEmmagatzema els ID dels tipus de cookies que permet usar un usuari.<\/p>\n\n\n\n<p><em>\u2022 extait_allowed_cookies<\/em>\r\nEmmagatzema els noms de les cookies que permet usar un usuari.<\/p>\n\n\n\n<p><em>\u2022 section_data_ids<\/em>\r\nEmmagatzema informaci\u00f3 espec\u00edfica d&#8217;el client per facilitar la compra com mostrar la informaci\u00f3 de pagament, etc.<\/p>\n\n\n\n<p><em><strong>&#8211; Cookies de xarxes socials:<\/strong><\/em><\/p>\n\n\n\n<p>\u2022 __atuvs: Cookie utilitzada per AddThis. Pemet compartir continguts en xarxes socials\r\n\u2022 __atuvc: Cookie utilitzada per AddThis. Pemet compartir continguts en xarxes socials\r\n\u2022 __atrfs: Cookie utilitzada per AddThis. Pemet compartir continguts en xarxes socials<\/p>\n\n\n\n<p>Revisarem aquestes cookies del nostre lloc web de forma freq\u00fcent. A l&#8217;ingressar a la nostra p\u00e0gina web www.akemira.com visualitzar\u00e0s un av\u00eds sobre la instal\u00b7laci\u00f3 de cookies al teu equip o terminal. Aquest av\u00eds et permetr\u00e0 acceptar la desc\u00e0rrega de totes les cookies o b\u00e9 accedir a un panell de configuraci\u00f3 de les mateixes, des del qual podr\u00e0s decidir quina tipologia o tipologies de cookies permets instal\u00b7lar.<\/p>\n\n\n\n<p>Tamb\u00e9 pots revisar la configuraci\u00f3 del teu navegador perqu\u00e8 et notifiqui abans de descarregar cookies al teu terminal o dispositiu, aix\u00ed com tamb\u00e9 pots procedir a l&#8217;eliminaci\u00f3 de les cookies ja instal\u00b7lades. Les cookies poden autoritzar-se, bloquejar o eliminar-se en el seu equip mitjan\u00e7ant la configuraci\u00f3 de les opcions del seu navegador.<\/p>\n\n\n\n<p>Podeu trobar informaci\u00f3 sobre com fer-ho, en relaci\u00f3 amb els navegadors m\u00e9s comuns, en els links que s&#8217;inclouen a continuaci\u00f3: <a href=\"https:\/\/support.microsoft.com\/es-es\/hub\/4338813\/windows-help?os=windows-10\">Explorer<\/a>&nbsp;,&nbsp;&nbsp;<a href=\"https:\/\/support.mozilla.org\/es\/kb\/habilitar-y-deshabilitar-cookies-sitios-web-rastrear-preferencias?redirectlocale=es&amp;redirectslug=habilitar-y-deshabilitar-cookies-que-los-sitios-we\">Firefox<\/a>&nbsp;,&nbsp;&nbsp;<a href=\"https:\/\/support.google.com\/chrome\/?hl=es&amp;amp;answer=95647#topic=7438008\">Chrome<\/a>,&nbsp;&nbsp;<a href=\"https:\/\/support.apple.com\/es-es\/guide\/safari\/sfri11471\/mac\">Safari<\/a>&nbsp;.\r\nL&#8217;informem, per\u00f2, de la possibilitat de que la desactivaci\u00f3 d&#8217;alguna cookie impedeixi o dificulti la navegaci\u00f3 o la prestaci\u00f3 dels serveis oferts a la p\u00e0gina web.<\/p>\n\n\n\n<p>Gr\u00e0cies per la seva atenci\u00f3.\r\n\r\nwww.akemira.com<\/p>\n","protected":false},"excerpt":{"rendered":"<p>De conformitat amb el que estableix l&#8217;article 22.2 de la LSSICE (Llei 34\/2002, de 11 de juliol) i amb el Reglament (UE) 2016\/679, de 27 d&#8217;abril (RGPD), t\u00b4informem de lo relatiu que fa l\u00b4\u00fas i tractament de dispositius d&#8217;emmagatzematge i recuperaci\u00f3 de dades en equips terminals dels destinataris, dispositius comunament denominats &#8220;cookies&#8221;, per part de&hellip;<\/p>\n","protected":false},"author":3,"featured_media":0,"parent":0,"menu_order":0,"comment_status":"closed","ping_status":"closed","template":"","meta":[],"yoast_head":"<!-- This site is optimized with the Yoast SEO plugin v15.6.2 - https:\/\/yoast.com\/wordpress\/plugins\/seo\/ -->\n<title>Pol\u00edtica de cookies - Akemira<\/title>\n<meta name=\"robots\" content=\"noindex, nofollow\" \/>\n<meta property=\"og:locale\" content=\"ca_ES\" \/>\n<meta property=\"og:type\" content=\"article\" \/>\n<meta property=\"og:title\" content=\"Pol\u00edtica de cookies - Akemira\" \/>\n<meta property=\"og:description\" content=\"De conformitat amb el que estableix l&#8217;article 22.2 de la LSSICE (Llei 34\/2002, de 11 de juliol) i amb el Reglament (UE) 2016\/679, de 27 d&#8217;abril (RGPD), t\u00b4informem de lo relatiu que fa l\u00b4\u00fas i tractament de dispositius d&#8217;emmagatzematge i recuperaci\u00f3 de dades en equips terminals dels destinataris, dispositius comunament denominats &#8220;cookies&#8221;, per part de&hellip;\" \/>\n<meta property=\"og:url\" content=\"https:\/\/akemira.com\/ca\/politica-de-cookies\/\" \/>\n<meta property=\"og:site_name\" content=\"Akemira\" \/>\n<meta property=\"article:modified_time\" content=\"2021-01-02T10:12:12+00:00\" \/>\n<meta name=\"twitter:card\" content=\"summary_large_image\" \/>\n<meta name=\"twitter:label1\" content=\"Temps estimat de lectura\">\n\t<meta name=\"twitter:data1\" content=\"5 minuts\">\n<script type=\"application\/ld+json\" class=\"yoast-schema-graph\">{\"@context\":\"https:\/\/schema.org\",\"@graph\":[{\"@type\":\"WebSite\",\"@id\":\"https:\/\/akemira.com\/#website\",\"url\":\"https:\/\/akemira.com\/\",\"name\":\"Akemira\",\"description\":\"Sempre a prop de casa\",\"potentialAction\":[{\"@type\":\"SearchAction\",\"target\":\"https:\/\/akemira.com\/?s={search_term_string}\",\"query-input\":\"required name=search_term_string\"}],\"inLanguage\":\"ca\"},{\"@type\":\"WebPage\",\"@id\":\"https:\/\/akemira.com\/ca\/politica-de-cookies\/#webpage\",\"url\":\"https:\/\/akemira.com\/ca\/politica-de-cookies\/\",\"name\":\"Pol\\u00edtica de cookies - Akemira\",\"isPartOf\":{\"@id\":\"https:\/\/akemira.com\/#website\"},\"datePublished\":\"2021-01-02T10:07:19+00:00\",\"dateModified\":\"2021-01-02T10:12:12+00:00\",\"inLanguage\":\"ca\",\"potentialAction\":[{\"@type\":\"ReadAction\",\"target\":[\"https:\/\/akemira.com\/ca\/politica-de-cookies\/\"]}]}]}<\/script>\n<!-- \/ Yoast SEO plugin. -->","_links":{"self":[{"href":"https:\/\/akemira.com\/ca\/wp-json\/wp\/v2\/pages\/552"}],"collection":[{"href":"https:\/\/akemira.com\/ca\/wp-json\/wp\/v2\/pages"}],"about":[{"href":"https:\/\/akemira.com\/ca\/wp-json\/wp\/v2\/types\/page"}],"author":[{"embeddable":true,"href":"https:\/\/akemira.com\/ca\/wp-json\/wp\/v2\/users\/3"}],"replies":[{"embeddable":true,"href":"https:\/\/akemira.com\/ca\/wp-json\/wp\/v2\/comments?post=552"}],"version-history":[{"count":2,"href":"https:\/\/akemira.com\/ca\/wp-json\/wp\/v2\/pages\/552\/revisions"}],"predecessor-version":[{"id":556,"href":"https:\/\/akemira.com\/ca\/wp-json\/wp\/v2\/pages\/552\/revisions\/556"}],"wp:attachment":[{"href":"https:\/\/akemira.com\/ca\/wp-json\/wp\/v2\/media?parent=552"}],"curies":[{"name":"wp","href":"https:\/\/api.w.org\/{rel}","templated":true}]}}